{"id":3179,"date":"2024-10-07T17:11:27","date_gmt":"2024-10-07T22:11:27","guid":{"rendered":"https:\/\/www.erservices.com.co\/?post_type=product&#038;p=3179"},"modified":"2024-10-07T17:16:29","modified_gmt":"2024-10-07T22:16:29","slug":"cable-hdmi-de-25-mts-ver-2-0","status":"publish","type":"product","link":"https:\/\/www.erservices.com.co\/index.php\/producto\/cable-hdmi-de-25-mts-ver-2-0\/","title":{"rendered":"Cable hdmi de 25 mts ver 2.0"},"content":{"rendered":"<p><strong>\u00a0<\/strong><\/p>\n<p>cable HDMI de alta velocidad con cable de amplificador de se\u00f1al, &#8211; Versi\u00f3n 2.0 de alta velocidad cable HDMI admite velocidad de 18 Gbps de transferencia, 1080p, 4 K, Ethernet, canal de retorno de audio (ARC), y otras funciones HDMI disponibles en la actualidad &#8211; Conecta tu reproductor de Blu-ray, reproductores de DVD, Xbox One, Xbox 360, PS3, PS4, computadora u otro dispositivo a su HDTV, proyector o visualizaci\u00f3n compatible con HDMI &#8211; Conectores ba\u00f1ados en oro de 24 K con conductor de cobre \u00faltima intervensi\u00f3n de ox\u00edgeno 99.99% para mejorar a\u00fan m\u00e1s la imagen\/calidad de sonido, blindaje dual al\/mylar y blindaje trenzado de cobre chapado en esta\u00f1o para proteger a usted se\u00f1al interrumpido desde fuera. &#8211; Integrado amplificador de se\u00f1al HDMI\/amplificador para active ecualizaci\u00f3n y amplificaci\u00f3n de la se\u00f1al, CL3 nominal para instalaci\u00f3n en pared.<\/p>\n","protected":false},"excerpt":{"rendered":"<p>\u00a0 cable HDMI de alta velocidad con cable de amplificador de se\u00f1al, &#8211; Versi\u00f3n 2.0 de alta velocidad cable HDMI admite velocidad de 18 Gbps de transferencia, 1080p, 4 K, Ethernet, canal de retorno de audio (ARC), y otras funciones HDMI disponibles en la actualidad &#8211; Conecta tu reproductor de Blu-ray, reproductores de DVD, Xbox [&hellip;]<\/p>\n","protected":false},"featured_media":3183,"comment_status":"open","ping_status":"closed","template":"","meta":{"om_disable_all_campaigns":false,"_monsterinsights_skip_tracking":false,"_monsterinsights_sitenote_active":false,"_monsterinsights_sitenote_note":"","_monsterinsights_sitenote_category":0,"site-sidebar-layout":"default","site-content-layout":"default","ast-site-content-layout":"default","site-content-style":"default","site-sidebar-style":"default","ast-global-header-display":"","ast-banner-title-visibility":"","ast-main-header-display":"","ast-hfb-above-header-display":"","ast-hfb-below-header-display":"","ast-hfb-mobile-header-display":"","site-post-title":"","ast-breadcrumbs-content":"","ast-featured-img":"","footer-sml-layout":"","theme-transparent-header-meta":"default","adv-header-id-meta":"","stick-header-meta":"","header-above-stick-meta":"","header-main-stick-meta":"","header-below-stick-meta":"","astra-migrate-meta-layouts":"default","ast-page-background-enabled":"default","ast-page-background-meta":{"desktop":{"background-color":"var(--ast-global-color-4)","background-image":"","background-repeat":"repeat","background-position":"center center","background-size":"auto","background-attachment":"scroll","background-type":"","background-media":"","overlay-type":"","overlay-color":"","overlay-opacity":"","overlay-gradient":""},"tablet":{"background-color":"","background-image":"","background-repeat":"repeat","background-position":"center center","background-size":"auto","background-attachment":"scroll","background-type":"","background-media":"","overlay-type":"","overlay-color":"","overlay-opacity":"","overlay-gradient":""},"mobile":{"background-color":"","background-image":"","background-repeat":"repeat","background-position":"center center","background-size":"auto","background-attachment":"scroll","background-type":"","background-media":"","overlay-type":"","overlay-color":"","overlay-opacity":"","overlay-gradient":""}},"ast-content-background-meta":{"desktop":{"background-color":"var(--ast-global-color-5)","background-image":"","background-repeat":"repeat","background-position":"center center","background-size":"auto","background-attachment":"scroll","background-type":"","background-media":"","overlay-type":"","overlay-color":"","overlay-opacity":"","overlay-gradient":""},"tablet":{"background-color":"var(--ast-global-color-5)","background-image":"","background-repeat":"repeat","background-position":"center center","background-size":"auto","background-attachment":"scroll","background-type":"","background-media":"","overlay-type":"","overlay-color":"","overlay-opacity":"","overlay-gradient":""},"mobile":{"background-color":"var(--ast-global-color-5)","background-image":"","background-repeat":"repeat","background-position":"center center","background-size":"auto","background-attachment":"scroll","background-type":"","background-media":"","overlay-type":"","overlay-color":"","overlay-opacity":"","overlay-gradient":""}},"_joinchat":[]},"product_brand":[],"product_cat":[36],"product_tag":[],"class_list":{"0":"post-3179","1":"product","2":"type-product","3":"status-publish","4":"has-post-thumbnail","6":"product_cat-cable-hdmi","7":"desktop-align-center","8":"tablet-align-left","9":"mobile-align-left","11":"first","12":"instock","13":"shipping-taxable","14":"purchasable","15":"product-type-simple"},"aioseo_notices":[],"_links":{"self":[{"href":"https:\/\/www.erservices.com.co\/index.php\/wp-json\/wp\/v2\/product\/3179","targetHints":{"allow":["GET"]}}],"collection":[{"href":"https:\/\/www.erservices.com.co\/index.php\/wp-json\/wp\/v2\/product"}],"about":[{"href":"https:\/\/www.erservices.com.co\/index.php\/wp-json\/wp\/v2\/types\/product"}],"replies":[{"embeddable":true,"href":"https:\/\/www.erservices.com.co\/index.php\/wp-json\/wp\/v2\/comments?post=3179"}],"wp:featuredmedia":[{"embeddable":true,"href":"https:\/\/www.erservices.com.co\/index.php\/wp-json\/wp\/v2\/media\/3183"}],"wp:attachment":[{"href":"https:\/\/www.erservices.com.co\/index.php\/wp-json\/wp\/v2\/media?parent=3179"}],"wp:term":[{"taxonomy":"product_brand","embeddable":true,"href":"https:\/\/www.erservices.com.co\/index.php\/wp-json\/wp\/v2\/product_brand?post=3179"},{"taxonomy":"product_cat","embeddable":true,"href":"https:\/\/www.erservices.com.co\/index.php\/wp-json\/wp\/v2\/product_cat?post=3179"},{"taxonomy":"product_tag","embeddable":true,"href":"https:\/\/www.erservices.com.co\/index.php\/wp-json\/wp\/v2\/product_tag?post=3179"}],"curies":[{"name":"wp","href":"https:\/\/api.w.org\/{rel}","templated":true}]}}