{"id":3143,"date":"2024-10-07T15:09:26","date_gmt":"2024-10-07T20:09:26","guid":{"rendered":"https:\/\/www.erservices.com.co\/?post_type=product&#038;p=3143"},"modified":"2024-10-07T15:11:27","modified_gmt":"2024-10-07T20:11:27","slug":"ergonomic-mouse","status":"publish","type":"product","link":"https:\/\/www.erservices.com.co\/index.php\/producto\/ergonomic-mouse\/","title":{"rendered":"Ergonomic Mouse"},"content":{"rendered":"<ul>\n<li>Unidades disponibles uno negro y blanco.<\/li>\n<li>Forma ergon\u00f3mica: especialmente sobre la altura y el \u00e1ngulo, se puede utilizar en una postura relajada desde la palma hasta la mu\u00f1eca y el brazo.<\/li>\n<li>Interruptor de clic silencioso: un interruptor silencioso no emite un sonido de tictac. Puede usar el rat\u00f3n durante la reuni\u00f3n, temprano en la ma\u00f1ana y en el trabajo nocturno, incluso cuando trabaja en casa, sin preocuparse por los sonidos que lo rodean.<\/li>\n<li>Modelo de conexi\u00f3n inal\u00e1mbrica Bluetooth: el mouse se puede utilizar en cualquier PC compatible con HOGP sin la necesidad de conectar un receptor, eficaz para dispositivos con pocos puertos USB. Una funci\u00f3n de conmutaci\u00f3n de destino de conexi\u00f3n permite la conexi\u00f3n a hasta dos dispositivos compatibles con el mouse Bluetooth.<\/li>\n<\/ul>\n","protected":false},"excerpt":{"rendered":"<p>Unidades disponibles uno negro y blanco. Forma ergon\u00f3mica: especialmente sobre la altura y el \u00e1ngulo, se puede utilizar en una postura relajada desde la palma hasta la mu\u00f1eca y el brazo. Interruptor de clic silencioso: un interruptor silencioso no emite un sonido de tictac. Puede usar el rat\u00f3n durante la reuni\u00f3n, temprano en la ma\u00f1ana [&hellip;]<\/p>\n","protected":false},"featured_media":3144,"comment_status":"open","ping_status":"closed","template":"","meta":{"om_disable_all_campaigns":false,"_monsterinsights_skip_tracking":false,"_monsterinsights_sitenote_active":false,"_monsterinsights_sitenote_note":"","_monsterinsights_sitenote_category":0,"site-sidebar-layout":"default","site-content-layout":"default","ast-site-content-layout":"default","site-content-style":"default","site-sidebar-style":"default","ast-global-header-display":"","ast-banner-title-visibility":"","ast-main-header-display":"","ast-hfb-above-header-display":"","ast-hfb-below-header-display":"","ast-hfb-mobile-header-display":"","site-post-title":"","ast-breadcrumbs-content":"","ast-featured-img":"","footer-sml-layout":"","theme-transparent-header-meta":"default","adv-header-id-meta":"","stick-header-meta":"","header-above-stick-meta":"","header-main-stick-meta":"","header-below-stick-meta":"","astra-migrate-meta-layouts":"default","ast-page-background-enabled":"default","ast-page-background-meta":{"desktop":{"background-color":"var(--ast-global-color-4)","background-image":"","background-repeat":"repeat","background-position":"center center","background-size":"auto","background-attachment":"scroll","background-type":"","background-media":"","overlay-type":"","overlay-color":"","overlay-opacity":"","overlay-gradient":""},"tablet":{"background-color":"","background-image":"","background-repeat":"repeat","background-position":"center center","background-size":"auto","background-attachment":"scroll","background-type":"","background-media":"","overlay-type":"","overlay-color":"","overlay-opacity":"","overlay-gradient":""},"mobile":{"background-color":"","background-image":"","background-repeat":"repeat","background-position":"center center","background-size":"auto","background-attachment":"scroll","background-type":"","background-media":"","overlay-type":"","overlay-color":"","overlay-opacity":"","overlay-gradient":""}},"ast-content-background-meta":{"desktop":{"background-color":"var(--ast-global-color-5)","background-image":"","background-repeat":"repeat","background-position":"center center","background-size":"auto","background-attachment":"scroll","background-type":"","background-media":"","overlay-type":"","overlay-color":"","overlay-opacity":"","overlay-gradient":""},"tablet":{"background-color":"var(--ast-global-color-5)","background-image":"","background-repeat":"repeat","background-position":"center center","background-size":"auto","background-attachment":"scroll","background-type":"","background-media":"","overlay-type":"","overlay-color":"","overlay-opacity":"","overlay-gradient":""},"mobile":{"background-color":"var(--ast-global-color-5)","background-image":"","background-repeat":"repeat","background-position":"center center","background-size":"auto","background-attachment":"scroll","background-type":"","background-media":"","overlay-type":"","overlay-color":"","overlay-opacity":"","overlay-gradient":""}},"_joinchat":[]},"product_brand":[],"product_cat":[52],"product_tag":[],"class_list":{"0":"post-3143","1":"product","2":"type-product","3":"status-publish","4":"has-post-thumbnail","6":"product_cat-mouse-inalambrico","7":"desktop-align-center","8":"tablet-align-left","9":"mobile-align-left","11":"first","12":"instock","13":"shipping-taxable","14":"purchasable","15":"product-type-simple"},"aioseo_notices":[],"_links":{"self":[{"href":"https:\/\/www.erservices.com.co\/index.php\/wp-json\/wp\/v2\/product\/3143","targetHints":{"allow":["GET"]}}],"collection":[{"href":"https:\/\/www.erservices.com.co\/index.php\/wp-json\/wp\/v2\/product"}],"about":[{"href":"https:\/\/www.erservices.com.co\/index.php\/wp-json\/wp\/v2\/types\/product"}],"replies":[{"embeddable":true,"href":"https:\/\/www.erservices.com.co\/index.php\/wp-json\/wp\/v2\/comments?post=3143"}],"wp:featuredmedia":[{"embeddable":true,"href":"https:\/\/www.erservices.com.co\/index.php\/wp-json\/wp\/v2\/media\/3144"}],"wp:attachment":[{"href":"https:\/\/www.erservices.com.co\/index.php\/wp-json\/wp\/v2\/media?parent=3143"}],"wp:term":[{"taxonomy":"product_brand","embeddable":true,"href":"https:\/\/www.erservices.com.co\/index.php\/wp-json\/wp\/v2\/product_brand?post=3143"},{"taxonomy":"product_cat","embeddable":true,"href":"https:\/\/www.erservices.com.co\/index.php\/wp-json\/wp\/v2\/product_cat?post=3143"},{"taxonomy":"product_tag","embeddable":true,"href":"https:\/\/www.erservices.com.co\/index.php\/wp-json\/wp\/v2\/product_tag?post=3143"}],"curies":[{"name":"wp","href":"https:\/\/api.w.org\/{rel}","templated":true}]}}