{"id":2831,"date":"2023-09-04T13:02:58","date_gmt":"2023-09-04T18:02:58","guid":{"rendered":"https:\/\/www.erservices.com.co\/?post_type=product&#038;p=2831"},"modified":"2023-09-04T13:02:58","modified_gmt":"2023-09-04T18:02:58","slug":"cinta-nanostick-doble-cara","status":"publish","type":"product","link":"https:\/\/www.erservices.com.co\/index.php\/producto\/cinta-nanostick-doble-cara\/","title":{"rendered":"cinta nanostick doble cara"},"content":{"rendered":"<p>caracter\u00edsticas<\/p>\n<ul>\n<li style=\"font-weight: 400\"><span style=\"font-weight: 400\">3 metros de longitud<\/span><\/li>\n<li style=\"font-weight: 400\"><span style=\"font-weight: 400\">Soporta 1 kg por cada 10 cm<\/span><\/li>\n<li style=\"font-weight: 400\"><span style=\"font-weight: 400\">Reutilizable: L\u00e1vala y vuelve a ocuparla<\/span><\/li>\n<li style=\"font-weight: 400\"><span style=\"font-weight: 400\">No deja marcas<\/span><\/li>\n<li style=\"font-weight: 400\"><span style=\"font-weight: 400\">Es f\u00e1cil de cortar<\/span><\/li>\n<li style=\"font-weight: 400\"><span style=\"font-weight: 400\">Ideal para materiales lisos y no porosos<\/span><\/li>\n<li style=\"font-weight: 400\"><span style=\"font-weight: 400\">Doble cara: Esta cinta con pegamento en ambos lados es capaz de unir objetos entre s\u00ed, con una fuerza de adherencia de 1 kg por cada 10 cm.<\/span><\/li>\n<li style=\"font-weight: 400\"><span style=\"font-weight: 400\">Lavable: \u00a1Reutil\u00edzala! Despu\u00e9s de retirar con agua limpia la suciedad que tenga, podr\u00e1s pegar otra cosa.\u00a0\u00a0<\/span><\/li>\n<li style=\"font-weight: 400\"><span style=\"font-weight: 400\">Adherencia multisuperficie: Es adecuada para pegarse en materiales lisos y rugosos no porosos, como baldosas de cer\u00e1mica, l\u00e1minas de pl\u00e1stico, m\u00e1rmol, vidrio esmerilado, mosaico de vidrio, etc.<\/span><\/li>\n<\/ul>\n","protected":false},"excerpt":{"rendered":"<p>caracter\u00edsticas 3 metros de longitud Soporta 1 kg por cada 10 cm Reutilizable: L\u00e1vala y vuelve a ocuparla No deja marcas Es f\u00e1cil de cortar Ideal para materiales lisos y no porosos Doble cara: Esta cinta con pegamento en ambos lados es capaz de unir objetos entre s\u00ed, con una fuerza de adherencia de 1 [&hellip;]<\/p>\n","protected":false},"featured_media":2832,"comment_status":"open","ping_status":"closed","template":"","meta":{"om_disable_all_campaigns":false,"_monsterinsights_skip_tracking":false,"_monsterinsights_sitenote_active":false,"_monsterinsights_sitenote_note":"","_monsterinsights_sitenote_category":0,"site-sidebar-layout":"default","site-content-layout":"default","ast-site-content-layout":"default","site-content-style":"default","site-sidebar-style":"default","ast-global-header-display":"","ast-banner-title-visibility":"","ast-main-header-display":"","ast-hfb-above-header-display":"","ast-hfb-below-header-display":"","ast-hfb-mobile-header-display":"","site-post-title":"","ast-breadcrumbs-content":"","ast-featured-img":"","footer-sml-layout":"","theme-transparent-header-meta":"default","adv-header-id-meta":"","stick-header-meta":"","header-above-stick-meta":"","header-main-stick-meta":"","header-below-stick-meta":"","astra-migrate-meta-layouts":"default","ast-page-background-enabled":"default","ast-page-background-meta":{"desktop":{"background-color":"var(--ast-global-color-4)","background-image":"","background-repeat":"repeat","background-position":"center center","background-size":"auto","background-attachment":"scroll","background-type":"","background-media":"","overlay-type":"","overlay-color":"","overlay-opacity":"","overlay-gradient":""},"tablet":{"background-color":"","background-image":"","background-repeat":"repeat","background-position":"center center","background-size":"auto","background-attachment":"scroll","background-type":"","background-media":"","overlay-type":"","overlay-color":"","overlay-opacity":"","overlay-gradient":""},"mobile":{"background-color":"","background-image":"","background-repeat":"repeat","background-position":"center center","background-size":"auto","background-attachment":"scroll","background-type":"","background-media":"","overlay-type":"","overlay-color":"","overlay-opacity":"","overlay-gradient":""}},"ast-content-background-meta":{"desktop":{"background-color":"var(--ast-global-color-5)","background-image":"","background-repeat":"repeat","background-position":"center center","background-size":"auto","background-attachment":"scroll","background-type":"","background-media":"","overlay-type":"","overlay-color":"","overlay-opacity":"","overlay-gradient":""},"tablet":{"background-color":"var(--ast-global-color-5)","background-image":"","background-repeat":"repeat","background-position":"center center","background-size":"auto","background-attachment":"scroll","background-type":"","background-media":"","overlay-type":"","overlay-color":"","overlay-opacity":"","overlay-gradient":""},"mobile":{"background-color":"var(--ast-global-color-5)","background-image":"","background-repeat":"repeat","background-position":"center center","background-size":"auto","background-attachment":"scroll","background-type":"","background-media":"","overlay-type":"","overlay-color":"","overlay-opacity":"","overlay-gradient":""}},"_joinchat":[]},"product_brand":[],"product_cat":[92],"product_tag":[],"class_list":{"0":"post-2831","1":"product","2":"type-product","3":"status-publish","4":"has-post-thumbnail","6":"product_cat-herramientas-2","7":"desktop-align-center","8":"tablet-align-left","9":"mobile-align-left","11":"first","12":"instock","13":"shipping-taxable","14":"purchasable","15":"product-type-simple"},"aioseo_notices":[],"_links":{"self":[{"href":"https:\/\/www.erservices.com.co\/index.php\/wp-json\/wp\/v2\/product\/2831","targetHints":{"allow":["GET"]}}],"collection":[{"href":"https:\/\/www.erservices.com.co\/index.php\/wp-json\/wp\/v2\/product"}],"about":[{"href":"https:\/\/www.erservices.com.co\/index.php\/wp-json\/wp\/v2\/types\/product"}],"replies":[{"embeddable":true,"href":"https:\/\/www.erservices.com.co\/index.php\/wp-json\/wp\/v2\/comments?post=2831"}],"wp:featuredmedia":[{"embeddable":true,"href":"https:\/\/www.erservices.com.co\/index.php\/wp-json\/wp\/v2\/media\/2832"}],"wp:attachment":[{"href":"https:\/\/www.erservices.com.co\/index.php\/wp-json\/wp\/v2\/media?parent=2831"}],"wp:term":[{"taxonomy":"product_brand","embeddable":true,"href":"https:\/\/www.erservices.com.co\/index.php\/wp-json\/wp\/v2\/product_brand?post=2831"},{"taxonomy":"product_cat","embeddable":true,"href":"https:\/\/www.erservices.com.co\/index.php\/wp-json\/wp\/v2\/product_cat?post=2831"},{"taxonomy":"product_tag","embeddable":true,"href":"https:\/\/www.erservices.com.co\/index.php\/wp-json\/wp\/v2\/product_tag?post=2831"}],"curies":[{"name":"wp","href":"https:\/\/api.w.org\/{rel}","templated":true}]}}