{"id":2701,"date":"2023-07-02T16:18:38","date_gmt":"2023-07-02T21:18:38","guid":{"rendered":"https:\/\/www.erservices.com.co\/?post_type=product&#038;p=2701"},"modified":"2023-07-02T16:24:23","modified_gmt":"2023-07-02T21:24:23","slug":"combo-tecladomouse-km160","status":"publish","type":"product","link":"https:\/\/www.erservices.com.co\/index.php\/producto\/combo-tecladomouse-km160\/","title":{"rendered":"Combo Teclado+Mouse KM160"},"content":{"rendered":"<h2 class=\"ui-pdp-description__title\">Descripci\u00f3n<\/h2>\n<p class=\"ui-pdp-description__content\">Curva perfecta, descansa su mu\u00f1eca<br \/>\nDise\u00f1o ergon\u00f3mico, el mouse le proporciona una c\u00f3moda experiencia de uso.<br \/>\nMovimiento r\u00e1pido y sensible.<br \/>\nExperiencia de tipo silenciosa gracias a sus teclas suaves y delgadas.<br \/>\nContenido de la caja<br \/>\nKM160(teclado USB), KM160 (USB Mouse)<\/p>\n","protected":false},"excerpt":{"rendered":"<p>Descripci\u00f3n Curva perfecta, descansa su mu\u00f1eca Dise\u00f1o ergon\u00f3mico, el mouse le proporciona una c\u00f3moda experiencia de uso. Movimiento r\u00e1pido y sensible. Experiencia de tipo silenciosa gracias a sus teclas suaves y delgadas. Contenido de la caja KM160(teclado USB), KM160 (USB Mouse)<\/p>\n","protected":false},"featured_media":2702,"comment_status":"open","ping_status":"closed","template":"","meta":{"om_disable_all_campaigns":false,"_monsterinsights_skip_tracking":false,"_monsterinsights_sitenote_active":false,"_monsterinsights_sitenote_note":"","_monsterinsights_sitenote_category":0,"site-sidebar-layout":"default","site-content-layout":"default","ast-site-content-layout":"default","site-content-style":"default","site-sidebar-style":"default","ast-global-header-display":"","ast-banner-title-visibility":"","ast-main-header-display":"","ast-hfb-above-header-display":"","ast-hfb-below-header-display":"","ast-hfb-mobile-header-display":"","site-post-title":"","ast-breadcrumbs-content":"","ast-featured-img":"","footer-sml-layout":"","theme-transparent-header-meta":"default","adv-header-id-meta":"","stick-header-meta":"","header-above-stick-meta":"","header-main-stick-meta":"","header-below-stick-meta":"","astra-migrate-meta-layouts":"default","ast-page-background-enabled":"default","ast-page-background-meta":{"desktop":{"background-color":"var(--ast-global-color-4)","background-image":"","background-repeat":"repeat","background-position":"center center","background-size":"auto","background-attachment":"scroll","background-type":"","background-media":"","overlay-type":"","overlay-color":"","overlay-opacity":"","overlay-gradient":""},"tablet":{"background-color":"","background-image":"","background-repeat":"repeat","background-position":"center center","background-size":"auto","background-attachment":"scroll","background-type":"","background-media":"","overlay-type":"","overlay-color":"","overlay-opacity":"","overlay-gradient":""},"mobile":{"background-color":"","background-image":"","background-repeat":"repeat","background-position":"center center","background-size":"auto","background-attachment":"scroll","background-type":"","background-media":"","overlay-type":"","overlay-color":"","overlay-opacity":"","overlay-gradient":""}},"ast-content-background-meta":{"desktop":{"background-color":"var(--ast-global-color-5)","background-image":"","background-repeat":"repeat","background-position":"center center","background-size":"auto","background-attachment":"scroll","background-type":"","background-media":"","overlay-type":"","overlay-color":"","overlay-opacity":"","overlay-gradient":""},"tablet":{"background-color":"var(--ast-global-color-5)","background-image":"","background-repeat":"repeat","background-position":"center center","background-size":"auto","background-attachment":"scroll","background-type":"","background-media":"","overlay-type":"","overlay-color":"","overlay-opacity":"","overlay-gradient":""},"mobile":{"background-color":"var(--ast-global-color-5)","background-image":"","background-repeat":"repeat","background-position":"center center","background-size":"auto","background-attachment":"scroll","background-type":"","background-media":"","overlay-type":"","overlay-color":"","overlay-opacity":"","overlay-gradient":""}},"_joinchat":[]},"product_brand":[],"product_cat":[28,55],"product_tag":[],"class_list":{"0":"post-2701","1":"product","2":"type-product","3":"status-publish","4":"has-post-thumbnail","6":"product_cat-accesorios","7":"product_cat-combos-teclados","8":"desktop-align-center","9":"tablet-align-left","10":"mobile-align-left","12":"first","13":"instock","14":"shipping-taxable","15":"purchasable","16":"product-type-simple"},"aioseo_notices":[],"_links":{"self":[{"href":"https:\/\/www.erservices.com.co\/index.php\/wp-json\/wp\/v2\/product\/2701","targetHints":{"allow":["GET"]}}],"collection":[{"href":"https:\/\/www.erservices.com.co\/index.php\/wp-json\/wp\/v2\/product"}],"about":[{"href":"https:\/\/www.erservices.com.co\/index.php\/wp-json\/wp\/v2\/types\/product"}],"replies":[{"embeddable":true,"href":"https:\/\/www.erservices.com.co\/index.php\/wp-json\/wp\/v2\/comments?post=2701"}],"wp:featuredmedia":[{"embeddable":true,"href":"https:\/\/www.erservices.com.co\/index.php\/wp-json\/wp\/v2\/media\/2702"}],"wp:attachment":[{"href":"https:\/\/www.erservices.com.co\/index.php\/wp-json\/wp\/v2\/media?parent=2701"}],"wp:term":[{"taxonomy":"product_brand","embeddable":true,"href":"https:\/\/www.erservices.com.co\/index.php\/wp-json\/wp\/v2\/product_brand?post=2701"},{"taxonomy":"product_cat","embeddable":true,"href":"https:\/\/www.erservices.com.co\/index.php\/wp-json\/wp\/v2\/product_cat?post=2701"},{"taxonomy":"product_tag","embeddable":true,"href":"https:\/\/www.erservices.com.co\/index.php\/wp-json\/wp\/v2\/product_tag?post=2701"}],"curies":[{"name":"wp","href":"https:\/\/api.w.org\/{rel}","templated":true}]}}