{"id":2339,"date":"2023-04-02T11:28:33","date_gmt":"2023-04-02T16:28:33","guid":{"rendered":"https:\/\/www.erservices.com.co\/?post_type=product&#038;p=2339"},"modified":"2023-04-02T11:34:25","modified_gmt":"2023-04-02T16:34:25","slug":"sistema-continuo-generico-no-original-para-impresora-multinacional-epson","status":"publish","type":"product","link":"https:\/\/www.erservices.com.co\/index.php\/producto\/sistema-continuo-generico-no-original-para-impresora-multinacional-epson\/","title":{"rendered":"SISTEMA CONTINUO GEN\u00c9RICO (NO ORIGINAL) PARA IMPRESORA MULTINACIONAL EPSON"},"content":{"rendered":"<p>MODELOS COMPATIBLES:\u00a0 XP201, XP211, XP204, XP401, XP411, XP214, XP101, WF-2532<\/p>\n<p>El sistema continuo gen\u00e9rico es para recargar continuamente los cartuchos de la impresora. Sin importar el consumo los cartuchos siempre estar\u00e1n llenos, la tinta que se encuentra en tanques externos pasa a trav\u00e9s de una manguera a los cartuchos internos de la impresora.<br \/>\nCARACTER\u00cdSTICAS DEL SISTEMA CONTINUO GEN\u00c9RICO:<br \/>\n-Sistema continuo compatible solo con impresora Epson.<br \/>\n-Sin tinta.<br \/>\n-Set de sistema continuo gen\u00e9rico.<br \/>\n-Capacidad de cada tanque 100ml.<br \/>\n-Cartuchos y tanques transparentes.<br \/>\n-Mangueras reforzadas.<br \/>\n-Imprima sin limitaciones, reduce 95% en consumo de tintas.<br \/>\n-Controle y siga el consumo de tinta con los tanques externos.<br \/>\n-El sistema continuo no modifica el funcionamiento, calidad y durabilidad de la impresora.<br \/>\n-El chip tiene bot\u00f3n de reseteo.<br \/>\nELEMENTOS INCLUIDOS EN EL PRECIO<br \/>\n-4 tanques de dep\u00f3sito, cartuchos y mangueras. (C-M-Y-K).<br \/>\n-4 filtros de aire y 4 tapones.<br \/>\n-1 Bater\u00eda y porta bater\u00eda.<br \/>\nIMPORTANTE: Ver video de instalaci\u00f3n en internet.<br \/>\nRECOMENDACIONES<br \/>\n-Nunca mezclar tintas de diferentes marcas, da\u00f1ara la impresora y sistema continuo, la impresi\u00f3n sufrir\u00e1 cambios en los colores y no servir\u00e1.<br \/>\n-Hacer 1 impresi\u00f3n por d\u00eda para que los inyectores de la impresora se mantengan h\u00famedos.<br \/>\n-Desactive las actualizaciones autom\u00e1ticas de su impresora al instalar el driver sino el sistema continuo dejara de funcionar.<\/p>\n","protected":false},"excerpt":{"rendered":"<p>MODELOS COMPATIBLES:\u00a0 XP201, XP211, XP204, XP401, XP411, XP214, XP101, WF-2532 El sistema continuo gen\u00e9rico es para recargar continuamente los cartuchos de la impresora. Sin importar el consumo los cartuchos siempre estar\u00e1n llenos, la tinta que se encuentra en tanques externos pasa a trav\u00e9s de una manguera a los cartuchos internos de la impresora. CARACTER\u00cdSTICAS DEL [&hellip;]<\/p>\n","protected":false},"featured_media":2340,"comment_status":"open","ping_status":"closed","template":"","meta":{"om_disable_all_campaigns":false,"_monsterinsights_skip_tracking":false,"_monsterinsights_sitenote_active":false,"_monsterinsights_sitenote_note":"","_monsterinsights_sitenote_category":0,"site-sidebar-layout":"default","site-content-layout":"default","ast-site-content-layout":"default","site-content-style":"default","site-sidebar-style":"default","ast-global-header-display":"","ast-banner-title-visibility":"","ast-main-header-display":"","ast-hfb-above-header-display":"","ast-hfb-below-header-display":"","ast-hfb-mobile-header-display":"","site-post-title":"","ast-breadcrumbs-content":"","ast-featured-img":"","footer-sml-layout":"","theme-transparent-header-meta":"default","adv-header-id-meta":"","stick-header-meta":"","header-above-stick-meta":"","header-main-stick-meta":"","header-below-stick-meta":"","astra-migrate-meta-layouts":"default","ast-page-background-enabled":"default","ast-page-background-meta":{"desktop":{"background-color":"var(--ast-global-color-4)","background-image":"","background-repeat":"repeat","background-position":"center center","background-size":"auto","background-attachment":"scroll","background-type":"","background-media":"","overlay-type":"","overlay-color":"","overlay-opacity":"","overlay-gradient":""},"tablet":{"background-color":"","background-image":"","background-repeat":"repeat","background-position":"center center","background-size":"auto","background-attachment":"scroll","background-type":"","background-media":"","overlay-type":"","overlay-color":"","overlay-opacity":"","overlay-gradient":""},"mobile":{"background-color":"","background-image":"","background-repeat":"repeat","background-position":"center center","background-size":"auto","background-attachment":"scroll","background-type":"","background-media":"","overlay-type":"","overlay-color":"","overlay-opacity":"","overlay-gradient":""}},"ast-content-background-meta":{"desktop":{"background-color":"var(--ast-global-color-5)","background-image":"","background-repeat":"repeat","background-position":"center center","background-size":"auto","background-attachment":"scroll","background-type":"","background-media":"","overlay-type":"","overlay-color":"","overlay-opacity":"","overlay-gradient":""},"tablet":{"background-color":"var(--ast-global-color-5)","background-image":"","background-repeat":"repeat","background-position":"center center","background-size":"auto","background-attachment":"scroll","background-type":"","background-media":"","overlay-type":"","overlay-color":"","overlay-opacity":"","overlay-gradient":""},"mobile":{"background-color":"var(--ast-global-color-5)","background-image":"","background-repeat":"repeat","background-position":"center center","background-size":"auto","background-attachment":"scroll","background-type":"","background-media":"","overlay-type":"","overlay-color":"","overlay-opacity":"","overlay-gradient":""}},"_joinchat":[]},"product_brand":[],"product_cat":[15,25],"product_tag":[],"class_list":{"0":"post-2339","1":"product","2":"type-product","3":"status-publish","4":"has-post-thumbnail","6":"product_cat-sin-categorizar","7":"product_cat-impresoras","8":"desktop-align-center","9":"tablet-align-left","10":"mobile-align-left","12":"first","13":"instock","14":"shipping-taxable","15":"purchasable","16":"product-type-simple"},"aioseo_notices":[],"_links":{"self":[{"href":"https:\/\/www.erservices.com.co\/index.php\/wp-json\/wp\/v2\/product\/2339","targetHints":{"allow":["GET"]}}],"collection":[{"href":"https:\/\/www.erservices.com.co\/index.php\/wp-json\/wp\/v2\/product"}],"about":[{"href":"https:\/\/www.erservices.com.co\/index.php\/wp-json\/wp\/v2\/types\/product"}],"replies":[{"embeddable":true,"href":"https:\/\/www.erservices.com.co\/index.php\/wp-json\/wp\/v2\/comments?post=2339"}],"wp:featuredmedia":[{"embeddable":true,"href":"https:\/\/www.erservices.com.co\/index.php\/wp-json\/wp\/v2\/media\/2340"}],"wp:attachment":[{"href":"https:\/\/www.erservices.com.co\/index.php\/wp-json\/wp\/v2\/media?parent=2339"}],"wp:term":[{"taxonomy":"product_brand","embeddable":true,"href":"https:\/\/www.erservices.com.co\/index.php\/wp-json\/wp\/v2\/product_brand?post=2339"},{"taxonomy":"product_cat","embeddable":true,"href":"https:\/\/www.erservices.com.co\/index.php\/wp-json\/wp\/v2\/product_cat?post=2339"},{"taxonomy":"product_tag","embeddable":true,"href":"https:\/\/www.erservices.com.co\/index.php\/wp-json\/wp\/v2\/product_tag?post=2339"}],"curies":[{"name":"wp","href":"https:\/\/api.w.org\/{rel}","templated":true}]}}